{"id":2344,"date":"2025-05-03T13:22:23","date_gmt":"2025-05-03T11:22:23","guid":{"rendered":"https:\/\/iniciativescosmetiques.com\/?post_type=product&#038;p=2344"},"modified":"2025-05-05T13:51:19","modified_gmt":"2025-05-05T11:51:19","slug":"avaluacio-de-la-seguretat","status":"publish","type":"product","link":"https:\/\/iniciativescosmetiques.com\/es\/producte\/avaluacio-de-la-seguretat\/","title":{"rendered":"Avaluaci\u00f3 de la seguretat"},"content":{"rendered":"<p>Abans de fer-te pressupost formalitzarem un acord de confidencialitat com a garantia del meu secret professional, ja que necessitar\u00e9 que em facilitis f\u00f3rmules, m\u00e8todes de fabricaci\u00f3 i altres dades sensibles. Tamb\u00e9 et donar\u00e9 instruccions sobre la manera de fer-me arribar la informaci\u00f3 necess\u00e0ria per a la cotitzaci\u00f3 del servei.<\/p>\n","protected":false},"excerpt":{"rendered":"<p>Necessites un avaluador de la seguretat qualificat? T\u2019ajudo a preparar tota la documentaci\u00f3 necess\u00e0ria i et busco l\u2019avaluador que encaixi m\u00e9s b\u00e9 amb el teu perfil. Treballar\u00e9 colze a colze amb ell per a confegir l\u2019expedient d\u2019informaci\u00f3 del producte, l\u2019avaluaci\u00f3 de la seguretat i l\u2019informe de la seguretat.<\/p>\n<p><strong>Preu: demana\u2019m pressupost <\/strong><\/p>\n","protected":false},"featured_media":2345,"template":"","meta":{"_et_pb_use_builder":"","_et_pb_old_content":"","_et_gb_content_width":"","order-bump-settings":[],"_wpfnl_thankyou_order_overview":"on","_wpfnl_thankyou_order_details":"on","_wpfnl_thankyou_billing_details":"on","_wpfnl_thankyou_shipping_details":"on","_themeisle_gutenberg_block_has_review":false},"product_brand":[],"product_cat":[80],"product_tag":[],"class_list":{"0":"post-2344","1":"product","2":"type-product","3":"status-publish","4":"has-post-thumbnail","6":"product_cat-assessoraments","8":"first","9":"instock","10":"virtual","11":"taxable","12":"product-type-simple"},"_links":{"self":[{"href":"https:\/\/iniciativescosmetiques.com\/es\/wp-json\/wp\/v2\/product\/2344","targetHints":{"allow":["GET"]}}],"collection":[{"href":"https:\/\/iniciativescosmetiques.com\/es\/wp-json\/wp\/v2\/product"}],"about":[{"href":"https:\/\/iniciativescosmetiques.com\/es\/wp-json\/wp\/v2\/types\/product"}],"wp:featuredmedia":[{"embeddable":true,"href":"https:\/\/iniciativescosmetiques.com\/es\/wp-json\/wp\/v2\/media\/2345"}],"wp:attachment":[{"href":"https:\/\/iniciativescosmetiques.com\/es\/wp-json\/wp\/v2\/media?parent=2344"}],"wp:term":[{"taxonomy":"product_brand","embeddable":true,"href":"https:\/\/iniciativescosmetiques.com\/es\/wp-json\/wp\/v2\/product_brand?post=2344"},{"taxonomy":"product_cat","embeddable":true,"href":"https:\/\/iniciativescosmetiques.com\/es\/wp-json\/wp\/v2\/product_cat?post=2344"},{"taxonomy":"product_tag","embeddable":true,"href":"https:\/\/iniciativescosmetiques.com\/es\/wp-json\/wp\/v2\/product_tag?post=2344"}],"curies":[{"name":"wp","href":"https:\/\/api.w.org\/{rel}","templated":true}]}}