{"id":2335,"date":"2025-05-03T13:13:16","date_gmt":"2025-05-03T11:13:16","guid":{"rendered":"https:\/\/iniciativescosmetiques.com\/?post_type=product&#038;p=2335"},"modified":"2025-05-05T13:50:01","modified_gmt":"2025-05-05T11:50:01","slug":"extractes-a-produccio-propia","status":"publish","type":"product","link":"https:\/\/iniciativescosmetiques.com\/es\/producte\/extractes-a-produccio-propia\/","title":{"rendered":"Extractes a producci\u00f3 pr\u00f2pia"},"content":{"rendered":"<p>Les sessions presencials es fan a Barcelona. Les sessions en l\u00ednia es fan per Zoom. Despr\u00e9s de la confirmaci\u00f3 de la teva reserva, formalitzarem un acord de confidencialitat com a garantia del meu secret professional, acordarem una data i t\u2019enviar\u00e9 un q\u00fcestionari per a poder personalitzar l\u2019assessorament. Si ens trobem en l\u00ednia, el mateix dia de la sessi\u00f3 et far\u00e9 arribar l\u2019enlla\u00e7 per a connectar-te a la reuni\u00f3. Assegura\u2019t de tenir micr\u00f2fon, c\u00e0mera i connexi\u00f3 estable a internet en un dispositiu de pantalla gran, com ara ordinador o tauleta, no tel\u00e8fon m\u00f2bil. Si no disposes de c\u00e0mera i pantalla gran, la sessi\u00f3 ha de ser presencial.<\/p>\n","protected":false},"excerpt":{"rendered":"<p>Si el teu projecte cosm\u00e8tic inclou l\u2019elaboraci\u00f3 d\u2019extractes de plantes, amb aquesta sessi\u00f3 coneixer\u00e0s el marc legal que has de complir. Analitzem conjuntament els teus extractes bot\u00e0nics i et donar\u00e9 orientaci\u00f3 personalitzada perqu\u00e8 puguis treballar en tota regla.<\/p>\n<p><strong>Modalitats: en l\u00ednia o presencial.<\/strong><\/p>\n<p><strong>Durada: Fins a 2 hores.<\/strong><\/p>\n<p>&nbsp;<\/p>\n","protected":false},"featured_media":2295,"template":"","meta":{"_et_pb_use_builder":"","_et_pb_old_content":"","_et_gb_content_width":"","order-bump-settings":[],"_wpfnl_thankyou_order_overview":"on","_wpfnl_thankyou_order_details":"on","_wpfnl_thankyou_billing_details":"on","_wpfnl_thankyou_shipping_details":"on","_themeisle_gutenberg_block_has_review":false},"product_brand":[],"product_cat":[80],"product_tag":[],"class_list":{"0":"post-2335","1":"product","2":"type-product","3":"status-publish","4":"has-post-thumbnail","6":"product_cat-assessoraments","8":"first","9":"instock","10":"taxable","11":"shipping-taxable","12":"purchasable","13":"product-type-variable"},"_links":{"self":[{"href":"https:\/\/iniciativescosmetiques.com\/es\/wp-json\/wp\/v2\/product\/2335","targetHints":{"allow":["GET"]}}],"collection":[{"href":"https:\/\/iniciativescosmetiques.com\/es\/wp-json\/wp\/v2\/product"}],"about":[{"href":"https:\/\/iniciativescosmetiques.com\/es\/wp-json\/wp\/v2\/types\/product"}],"wp:featuredmedia":[{"embeddable":true,"href":"https:\/\/iniciativescosmetiques.com\/es\/wp-json\/wp\/v2\/media\/2295"}],"wp:attachment":[{"href":"https:\/\/iniciativescosmetiques.com\/es\/wp-json\/wp\/v2\/media?parent=2335"}],"wp:term":[{"taxonomy":"product_brand","embeddable":true,"href":"https:\/\/iniciativescosmetiques.com\/es\/wp-json\/wp\/v2\/product_brand?post=2335"},{"taxonomy":"product_cat","embeddable":true,"href":"https:\/\/iniciativescosmetiques.com\/es\/wp-json\/wp\/v2\/product_cat?post=2335"},{"taxonomy":"product_tag","embeddable":true,"href":"https:\/\/iniciativescosmetiques.com\/es\/wp-json\/wp\/v2\/product_tag?post=2335"}],"curies":[{"name":"wp","href":"https:\/\/api.w.org\/{rel}","templated":true}]}}