{"id":2331,"date":"2025-05-03T13:07:33","date_gmt":"2025-05-03T11:07:33","guid":{"rendered":"https:\/\/iniciativescosmetiques.com\/?post_type=product&#038;p=2331"},"modified":"2025-05-03T18:25:42","modified_gmt":"2025-05-03T16:25:42","slug":"documentacio-dingredients","status":"publish","type":"product","link":"https:\/\/iniciativescosmetiques.com\/es\/producte\/documentacio-dingredients\/","title":{"rendered":"Documentaci\u00f3 d&#8217;ingredients"},"content":{"rendered":"<p>Saps que l\u2019avaluaci\u00f3 de la seguretat d\u2019un cosm\u00e8tic no es pot fer si la documentaci\u00f3 t\u00e8cnica dels ingredients no \u00e9s conforme? Revisar\u00e9 la documentaci\u00f3 que t\u2019han facilitat els prove\u00efdors per comprovar que reculli les dades suficients i pertinents. Si hi detecto mancances o incoher\u00e8ncies, t\u2019indicar\u00e9 exactament qu\u00e8 caldr\u00e0 que sol\u00b7licitis per a completar o esmenar la informaci\u00f3.<\/p>\n<p>Abans de comen\u00e7ar el servei formalitzarem un acord de confidencialitat com a garantia del meu secret professional i et donar\u00e9 instruccions sobre la manera de fer-me arribar la documentaci\u00f3 de les mat\u00e8ries primeres. En cas que manquin documents, t\u2019indicar\u00e9 quins has de demanar al prove\u00efdor. No comen\u00e7ar\u00e9 la revisi\u00f3 fins que no els tinguem tots, tret que m\u2019indiquis que treballi sense tota la documentaci\u00f3 o que hagin passat 3 mesos des de la compra del servei. Et far\u00e9 arribar un informe en el termini m\u00e0xim d\u20191 mes des de l\u2019inici del treball de revisi\u00f3. L\u2019abast de la validaci\u00f3 est\u00e0 condicionat a la informaci\u00f3 i la documentaci\u00f3 que em facilitis.<\/p>\n","protected":false},"excerpt":{"rendered":"<p>Olis essencials, composicions arom\u00e0tiques i extractes vegetals: 24,29 \u20ac (IVA incl\u00f3s) per mat\u00e8ria primera.<\/p>\n<p>Resta de mat\u00e8ries primeres: 10 \u20ac (IVA incl\u00f2s) per mat\u00e8ria primera.<\/p>\n","protected":false},"featured_media":2332,"template":"","meta":{"_et_pb_use_builder":"","_et_pb_old_content":"","_et_gb_content_width":"","order-bump-settings":[],"_wpfnl_thankyou_order_overview":"on","_wpfnl_thankyou_order_details":"on","_wpfnl_thankyou_billing_details":"on","_wpfnl_thankyou_shipping_details":"on","_themeisle_gutenberg_block_has_review":false},"product_brand":[],"product_cat":[80],"product_tag":[],"class_list":{"0":"post-2331","1":"product","2":"type-product","3":"status-publish","4":"has-post-thumbnail","6":"product_cat-assessoraments","8":"first","9":"instock","10":"taxable","11":"shipping-taxable","12":"purchasable","13":"product-type-variable"},"_links":{"self":[{"href":"https:\/\/iniciativescosmetiques.com\/es\/wp-json\/wp\/v2\/product\/2331","targetHints":{"allow":["GET"]}}],"collection":[{"href":"https:\/\/iniciativescosmetiques.com\/es\/wp-json\/wp\/v2\/product"}],"about":[{"href":"https:\/\/iniciativescosmetiques.com\/es\/wp-json\/wp\/v2\/types\/product"}],"wp:featuredmedia":[{"embeddable":true,"href":"https:\/\/iniciativescosmetiques.com\/es\/wp-json\/wp\/v2\/media\/2332"}],"wp:attachment":[{"href":"https:\/\/iniciativescosmetiques.com\/es\/wp-json\/wp\/v2\/media?parent=2331"}],"wp:term":[{"taxonomy":"product_brand","embeddable":true,"href":"https:\/\/iniciativescosmetiques.com\/es\/wp-json\/wp\/v2\/product_brand?post=2331"},{"taxonomy":"product_cat","embeddable":true,"href":"https:\/\/iniciativescosmetiques.com\/es\/wp-json\/wp\/v2\/product_cat?post=2331"},{"taxonomy":"product_tag","embeddable":true,"href":"https:\/\/iniciativescosmetiques.com\/es\/wp-json\/wp\/v2\/product_tag?post=2331"}],"curies":[{"name":"wp","href":"https:\/\/api.w.org\/{rel}","templated":true}]}}