{"id":2326,"date":"2025-05-03T12:53:42","date_gmt":"2025-05-03T10:53:42","guid":{"rendered":"https:\/\/iniciativescosmetiques.com\/?post_type=product&#038;p=2326"},"modified":"2025-05-08T14:17:30","modified_gmt":"2025-05-08T12:17:30","slug":"validacio-de-formules","status":"publish","type":"product","link":"https:\/\/iniciativescosmetiques.com\/es\/producte\/validacio-de-formules\/","title":{"rendered":"Validaci\u00f3 de f\u00f3rmules"},"content":{"rendered":"<p>No saps si la teva f\u00f3rmula compleix la regulaci\u00f3? Far\u00e9 una revisi\u00f3 exhaustiva dels ingredients i de la formulaci\u00f3 per identificar-hi els punts cr\u00edtics, amb recomanacions per a ajustar la composici\u00f3 i assegurar-nos que el teu producte est\u00e0 ben encaminat. Abans de comen\u00e7ar el servei formalitzarem un acord de confidencialitat com a garantia del meu secret professional i et donar\u00e9 instruccions sobre la manera de fer-me arribar la f\u00f3rmula i la documentaci\u00f3 de les mat\u00e8ries primeres. En cas que manquin dades o documents, t\u2019indicar\u00e9 la manera de resoldre-ho. No comen\u00e7ar\u00e9 la revisi\u00f3 fins que no ho tinguem tot, tret que m\u2019indiquis que treballi sense totes les dades o que hagin passat 3 mesos des de la compra del servei. Et far\u00e9 arribar un informe en el termini m\u00e0xim d\u20191 mes des de l\u2019inici del treball de revisi\u00f3. L\u2019abast de la validaci\u00f3 est\u00e0 condicionat a la informaci\u00f3 que em facilitis en relaci\u00f3 amb les mat\u00e8ries primeres, la composici\u00f3 quantitativa dels ingredients i el m\u00e8tode de fabricaci\u00f3 del producte.<\/p>\n","protected":false},"excerpt":{"rendered":"<p>Selecciona el nombre total d\u2019ingredients de la teva f\u00f3rmula. Tingues en compte que una mat\u00e8ria primera pot constar de m\u00e9s d\u2019un ingredient. Per exemple, un emulgent molt conegut consta de Cetearyl olivate i Sorbitan olivate (2 ingredients), i un oleat de cal\u00e8ndula pot tenir com a ingredients oli d\u2019oliva, extracte de cal\u00e8ndula i antioxidant.<\/p>\n<p><strong>El preu \u00e9s per ingredient, m\u00ednim 5 ingredients.<\/strong><\/p>\n","protected":false},"featured_media":2328,"template":"","meta":{"_et_pb_use_builder":"off","_et_pb_old_content":"No saps si la teva f\u00f3rmula compleix la regulaci\u00f3? Far\u00e9 una revisi\u00f3 exhaustiva dels ingredients i de la formulaci\u00f3 per identificar-hi els punts cr\u00edtics, amb recomanacions per a ajustar la composici\u00f3 i assegurar-nos que el teu producte est\u00e0 ben encaminat.\r\n\r\nAbans de comen\u00e7ar el servei formalitzarem un acord de confidencialitat com a garantia del meu secret professional i et donar\u00e9 instruccions sobre la manera de fer-me arribar la f\u00f3rmula i la documentaci\u00f3 de les mat\u00e8ries primeres. En cas que manquin dades o documents, t\u2019indicar\u00e9 la manera de resoldre-ho. No comen\u00e7ar\u00e9 la revisi\u00f3 fins que no ho tinguem tot, tret que m\u2019indiquis que treballi sense totes les dades o que hagin passat 3 mesos des de la compra del servei. Et far\u00e9 arribar un informe en el termini m\u00e0xim d\u20191 mes des de l\u2019inici del treball de revisi\u00f3. L\u2019abast de la validaci\u00f3 est\u00e0 condicionat a la informaci\u00f3 que em facilitis en relaci\u00f3 amb les mat\u00e8ries primeres, la composici\u00f3 quantitativa dels ingredients i el m\u00e8tode de fabricaci\u00f3 del producte.","_et_gb_content_width":"","order-bump-settings":[],"_wpfnl_thankyou_order_overview":"on","_wpfnl_thankyou_order_details":"on","_wpfnl_thankyou_billing_details":"on","_wpfnl_thankyou_shipping_details":"on","_themeisle_gutenberg_block_has_review":false},"product_brand":[],"product_cat":[80],"product_tag":[],"class_list":{"0":"post-2326","1":"product","2":"type-product","3":"status-publish","4":"has-post-thumbnail","6":"product_cat-assessoraments","8":"first","9":"instock","10":"virtual","11":"taxable","12":"purchasable","13":"product-type-simple"},"_links":{"self":[{"href":"https:\/\/iniciativescosmetiques.com\/es\/wp-json\/wp\/v2\/product\/2326","targetHints":{"allow":["GET"]}}],"collection":[{"href":"https:\/\/iniciativescosmetiques.com\/es\/wp-json\/wp\/v2\/product"}],"about":[{"href":"https:\/\/iniciativescosmetiques.com\/es\/wp-json\/wp\/v2\/types\/product"}],"wp:featuredmedia":[{"embeddable":true,"href":"https:\/\/iniciativescosmetiques.com\/es\/wp-json\/wp\/v2\/media\/2328"}],"wp:attachment":[{"href":"https:\/\/iniciativescosmetiques.com\/es\/wp-json\/wp\/v2\/media?parent=2326"}],"wp:term":[{"taxonomy":"product_brand","embeddable":true,"href":"https:\/\/iniciativescosmetiques.com\/es\/wp-json\/wp\/v2\/product_brand?post=2326"},{"taxonomy":"product_cat","embeddable":true,"href":"https:\/\/iniciativescosmetiques.com\/es\/wp-json\/wp\/v2\/product_cat?post=2326"},{"taxonomy":"product_tag","embeddable":true,"href":"https:\/\/iniciativescosmetiques.com\/es\/wp-json\/wp\/v2\/product_tag?post=2326"}],"curies":[{"name":"wp","href":"https:\/\/api.w.org\/{rel}","templated":true}]}}