{"id":57,"date":"2020-04-20T11:39:12","date_gmt":"2020-04-20T09:39:12","guid":{"rendered":"https:\/\/iniciativescosmetiques.com\/?page_id=57"},"modified":"2021-02-25T17:38:13","modified_gmt":"2021-02-25T16:38:13","slug":"aviso-legal","status":"publish","type":"page","link":"https:\/\/iniciativescosmetiques.com\/es\/aviso-legal\/","title":{"rendered":"Aviso legal"},"content":{"rendered":"<p>[et_pb_section fb_built=\u00bb1&#8243; fullwidth=\u00bbon\u00bb _builder_version=\u00bb4.4.3&#8243;][et_pb_fullwidth_post_title meta=\u00bboff\u00bb featured_image=\u00bboff\u00bb _builder_version=\u00bb4.4.3&#8243; title_font_size=\u00bb45px\u00bb title_letter_spacing=\u00bb2px\u00bb title_line_height=\u00bb1.2em\u00bb custom_padding=\u00bb30px||0px||false|false\u00bb title_font_size_tablet=\u00bb40px\u00bb title_font_size_phone=\u00bb\u00bb title_font_size_last_edited=\u00bbon|desktop\u00bb][\/et_pb_fullwidth_post_title][\/et_pb_section][et_pb_section fb_built=\u00bb1&#8243; _builder_version=\u00bb4.8.1&#8243; custom_padding=\u00bb0px||0px||false|false\u00bb bottom_divider_color=\u00bb#61b3de\u00bb bottom_divider_height=\u00bb75px\u00bb bottom_divider_flip=\u00bbhorizontal\u00bb custom_margin__hover_enabled=\u00bboff|desktop\u00bb][et_pb_row _builder_version=\u00bb4.4.3&#8243; custom_padding=\u00bb0px|||||\u00bb][et_pb_column type=\u00bb4_4&#8243; _builder_version=\u00bb4.4.3&#8243;][et_pb_dcsbcm_divi_breadcrumbs_module homebreadcrumbtext=\u00bb<i class=%22fas fa-home%22><\/i>\u00bb _builder_version=\u00bb4.4.3&#8243;][\/et_pb_dcsbcm_divi_breadcrumbs_module][\/et_pb_column][\/et_pb_row][\/et_pb_section][et_pb_section fb_built=\u00bb1&#8243; _builder_version=\u00bb4.9.0&#8243; custom_padding=\u00bb0px||70px||false|false\u00bb bottom_divider_color=\u00bb#242424&#8243; bottom_divider_height=\u00bb50px\u00bb bottom_divider_flip=\u00bbvertical\u00bb hover_enabled=\u00bb0&#8243; sticky_enabled=\u00bb0&#8243;][et_pb_row _builder_version=\u00bb3.25&#8243; background_size=\u00bbinitial\u00bb background_position=\u00bbtop_left\u00bb background_repeat=\u00bbrepeat\u00bb][et_pb_column type=\u00bb4_4&#8243; _builder_version=\u00bb3.25&#8243; custom_padding=\u00bb|||\u00bb custom_padding__hover=\u00bb|||\u00bb][et_pb_text _builder_version=\u00bb4.9.0&#8243; background_size=\u00bbinitial\u00bb background_position=\u00bbtop_left\u00bb background_repeat=\u00bbrepeat\u00bb]<\/p>\n<p class=\"p1\"><b>DATOS IDENTIFICATIVOS<\/b><\/p>\n<p class=\"p2\">\n<p class=\"p4\">De acuerdo con la exigencia establecida en art\u00edculo 10 de la Ley 34\/2002, del 11 de julio, de Servicios de la Sociedad de la Informaci\u00f3n y del Comercio Electr\u00f3nico, se cumple con la obligaci\u00f3n de informar a todos los usuarios e interesados que la responsabilidad y titularidad del dominio web <span class=\"s1\"><span style=\"color: #ff0000;\">tudominio.com<\/span>, <\/span>as\u00ed como las redes sociales y\/o cualquier sitio web asociado, en lo adelante el \u201csitio web\u201d le pertenecen a:<\/p>\n<p class=\"p4\"><span class=\"s1\" style=\"color: #ff0000;\">TU NOMBRE<\/span><\/p>\n<p class=\"p4\"><span class=\"s1\" style=\"color: #ff0000;\">IDENTIFICACI\u00d3N FISCAL Y N\u00daMERO, POR EJEMPLO NIF 123456<\/span>\u00a0<\/p>\n<p class=\"p4\">con domicilio en <span class=\"s1\" style=\"color: #ff0000;\">TU DIRECCI\u00d3N, O ALGUNA DE UN COWORKING<\/span>, en lo adelante <span style=\"color: #ff0000;\">\u201c<span class=\"s1\"><b>EL NOMBRE DE TU MARCA O TU NOMBRE<\/b><\/span>\u201d<\/span><\/p>\n<p class=\"p4\">y cuyo correo electr\u00f3nico de contacto es <span class=\"s1\"><span style=\"color: #ff0000;\">TU CORREO ELECTRONICO DE ATENCION AL CLIENTE<\/span>.<\/span><\/p>\n<p>[\/et_pb_text][\/et_pb_column][\/et_pb_row][\/et_pb_section]<\/p>\n","protected":false},"excerpt":{"rendered":"<p>DATOS IDENTIFICATIVOS De acuerdo con la exigencia establecida en art\u00edculo 10 de la Ley 34\/2002, del 11 de julio, de Servicios de la Sociedad de la Informaci\u00f3n y del Comercio Electr\u00f3nico, se cumple con la obligaci\u00f3n de informar a todos los usuarios e interesados que la responsabilidad y titularidad del dominio web tudominio.com, as\u00ed como [&hellip;]<\/p>\n","protected":false},"author":2,"featured_media":0,"parent":0,"menu_order":0,"comment_status":"closed","ping_status":"closed","template":"","meta":{"_et_pb_use_builder":"on","_et_pb_old_content":"","_et_gb_content_width":"","order-bump-settings":[],"_wpfnl_thankyou_order_overview":"on","_wpfnl_thankyou_order_details":"on","_wpfnl_thankyou_billing_details":"on","_wpfnl_thankyou_shipping_details":"on","_themeisle_gutenberg_block_has_review":false,"footnotes":""},"class_list":["post-57","page","type-page","status-publish","hentry"],"_links":{"self":[{"href":"https:\/\/iniciativescosmetiques.com\/es\/wp-json\/wp\/v2\/pages\/57","targetHints":{"allow":["GET"]}}],"collection":[{"href":"https:\/\/iniciativescosmetiques.com\/es\/wp-json\/wp\/v2\/pages"}],"about":[{"href":"https:\/\/iniciativescosmetiques.com\/es\/wp-json\/wp\/v2\/types\/page"}],"author":[{"embeddable":true,"href":"https:\/\/iniciativescosmetiques.com\/es\/wp-json\/wp\/v2\/users\/2"}],"replies":[{"embeddable":true,"href":"https:\/\/iniciativescosmetiques.com\/es\/wp-json\/wp\/v2\/comments?post=57"}],"version-history":[{"count":0,"href":"https:\/\/iniciativescosmetiques.com\/es\/wp-json\/wp\/v2\/pages\/57\/revisions"}],"wp:attachment":[{"href":"https:\/\/iniciativescosmetiques.com\/es\/wp-json\/wp\/v2\/media?parent=57"}],"curies":[{"name":"wp","href":"https:\/\/api.w.org\/{rel}","templated":true}]}}