{"id":240,"date":"2020-04-29T11:32:30","date_gmt":"2020-04-29T09:32:30","guid":{"rendered":"https:\/\/iniciativescosmetiques.com\/?page_id=240"},"modified":"2020-04-29T12:32:03","modified_gmt":"2020-04-29T10:32:03","slug":"landing","status":"publish","type":"page","link":"https:\/\/iniciativescosmetiques.com\/es\/landing\/","title":{"rendered":"Landing"},"content":{"rendered":"<p>[et_pb_section fb_built=\u00bb1&#8243; _builder_version=\u00bb4.4.4&#8243; background_color=\u00bb#61b3de\u00bb background_image=\u00bbhttps:\/\/iniciativescosmetiques.com\/wp-content\/uploads\/2020\/04\/fondo.jpg\u00bb background_blend=\u00bboverlay\u00bb custom_padding=\u00bb||0px|||\u00bb][et_pb_row _builder_version=\u00bb4.4.4&#8243;][et_pb_column type=\u00bb4_4&#8243; _builder_version=\u00bb4.4.4&#8243;][et_pb_text _builder_version=\u00bb4.4.4&#8243; text_font_size=\u00bb36px\u00bb header_font=\u00bb||||||||\u00bb header_text_color=\u00bb#242424&#8243; header_font_size=\u00bb129px\u00bb custom_margin=\u00bb||0px|||\u00bb header_font_size_tablet=\u00bb\u00bb header_font_size_phone=\u00bb90px\u00bb header_font_size_last_edited=\u00bbon|phone\u00bb]<\/p>\n<h1><b>T\u00edtulo curso<\/b><\/h1>\n<p>[\/et_pb_text][\/et_pb_column][\/et_pb_row][et_pb_row column_structure=\u00bb1_2,1_2&#8243; _builder_version=\u00bb4.0.7&#8243; custom_padding=\u00bb0px|||||\u00bb][et_pb_column type=\u00bb1_2&#8243; _builder_version=\u00bb4.0.7&#8243;][et_pb_text _builder_version=\u00bb4.4.4&#8243; text_font=\u00bb||||||||\u00bb text_text_color=\u00bb#575757&#8243; text_font_size=\u00bb20px\u00bb custom_margin=\u00bb||21px|||\u00bb]Lorem ipsum dolor sit amet, consectetur adipiscing elit. Maecenas ante neque, semper eget porta eget, mattis sed augue. Sed blandit, ipsum sed vestibulum venenatis, elit sapien varius ante, eu semper elit risus sit amet orci. Nulla odio velit, hendrerit sagittis feugiat vitae, feugiat id tellus. Aliquam erat volutpat.[\/et_pb_text][\/et_pb_column][et_pb_column type=\u00bb1_2&#8243; _builder_version=\u00bb4.0.7&#8243;][et_pb_image src=\u00bbhttps:\/\/iniciativescosmetiques.com\/wp-content\/uploads\/2020\/04\/curso.png\u00bb _builder_version=\u00bb4.4.4&#8243;][\/et_pb_image][\/et_pb_column][\/et_pb_row][\/et_pb_section][et_pb_section fb_built=\u00bb1&#8243; _builder_version=\u00bb4.3.2&#8243; custom_padding=\u00bb||0px|||\u00bb][et_pb_row _builder_version=\u00bb4.3.2&#8243;][et_pb_column type=\u00bb4_4&#8243; _builder_version=\u00bb4.3.2&#8243;][et_pb_text _builder_version=\u00bb4.4.4&#8243; header_2_font_size=\u00bb30px\u00bb header_2_font_size_last_edited=\u00bboff|phone\u00bb]<\/p>\n<h2 style=\"text-align: center;\">\u00bfXXXXXXXXXX?<\/h2>\n<p>Lorem ipsum dolor sit amet, consectetur adipiscing elit. Donec ac lorem venenatis dolor bibendum finibus. Donec sed ullamcorper nisl. Vestibulum id felis cursus, efficitur libero sit amet, pretium odio. Vivamus quis commodo ipsum, porttitor venenatis nisl. Nulla sed tristique nisi, non cursus mi. Nullam quis vestibulum justo. Morbi maximus congue consequat. Donec iaculis justo in porttitor rhoncus. Praesent maximus lorem ac malesuada ultrices. Suspendisse tellus diam, venenatis et pellentesque quis, faucibus a augue. Pellentesque fermentum sem augue, id accumsan eros lobortis ac. Orci varius natoque penatibus et magnis dis parturient montes, nascetur ridiculus mus.<\/p>\n<p><span>Lorem ipsum dolor sit amet, consectetur adipiscing elit. Donec ac lorem venenatis dolor bibendum finibus. Donec sed ullamcorper nisl. Vestibulum id felis cursus, efficitur libero sit amet, pretium odio.<\/span><\/p>\n<p><span>Vivamus quis commodo ipsum, porttitor venenatis nisl. Nulla sed tristique nisi, non cursus mi. Nullam quis vestibulum justo. Morbi maximus congue consequat. Donec iaculis justo in porttitor rhoncus. Praesent maximus lorem ac malesuada ultrices. Suspendisse tellus diam, venenatis et pellentesque quis, faucibus a augue.<\/span>[\/et_pb_text][\/et_pb_column][\/et_pb_row][\/et_pb_section][et_pb_section fb_built=\u00bb1&#8243; _builder_version=\u00bb4.3.2&#8243; custom_padding=\u00bb0px||0px|||\u00bb][et_pb_row column_structure=\u00bb1_2,1_2&#8243; _builder_version=\u00bb4.3.2&#8243; custom_padding=\u00bb||0px|||\u00bb][et_pb_column type=\u00bb1_2&#8243; _builder_version=\u00bb4.3.2&#8243;][et_pb_blurb title=\u00bbM\u00d3DULO 1: XXXXXXXXX\u00bb image=\u00bbhttps:\/\/iniciativescosmetiques.com\/wp-content\/uploads\/2020\/04\/module.png\u00bb icon_placement=\u00bbleft\u00bb _builder_version=\u00bb4.4.4&#8243; header_font_size=\u00bb25px\u00bb]<\/p>\n<p>Lorem ipsum dolor sit amet, consectetur adipiscing elit. <strong>Maecenas ante neque<\/strong>, semper eget porta eget, mattis sed augue. Sed blandit, ipsum sed vestibulum venenatis, <strong>elit sapien varius ante<\/strong>, eu semper elit risus sit amet orci.<\/p>\n<p>[\/et_pb_blurb][\/et_pb_column][et_pb_column type=\u00bb1_2&#8243; _builder_version=\u00bb4.3.2&#8243;][et_pb_blurb title=\u00bbM\u00d3DULO 2: XXXXXXXXX\u00bb image=\u00bbhttps:\/\/iniciativescosmetiques.com\/wp-content\/uploads\/2020\/04\/module.png\u00bb icon_placement=\u00bbleft\u00bb _builder_version=\u00bb4.4.4&#8243; header_font_size=\u00bb25px\u00bb]<\/p>\n<p>Lorem ipsum dolor sit amet, consectetur adipiscing elit. <strong>Maecenas ante neque<\/strong>, semper eget porta eget, mattis sed augue. Sed blandit, ipsum sed vestibulum venenatis, <strong>elit sapien varius ante<\/strong>, eu semper elit risus sit amet orci.<\/p>\n<p>[\/et_pb_blurb][\/et_pb_column][\/et_pb_row][et_pb_row column_structure=\u00bb1_2,1_2&#8243; _builder_version=\u00bb4.3.2&#8243; custom_padding=\u00bb||0px|||\u00bb][et_pb_column type=\u00bb1_2&#8243; _builder_version=\u00bb4.3.2&#8243;][et_pb_blurb title=\u00bbM\u00d3DULO 3: XXXXXXXXX\u00bb image=\u00bbhttps:\/\/iniciativescosmetiques.com\/wp-content\/uploads\/2020\/04\/module.png\u00bb icon_placement=\u00bbleft\u00bb _builder_version=\u00bb4.4.4&#8243; header_font_size=\u00bb25px\u00bb]<\/p>\n<p>Lorem ipsum dolor sit amet, consectetur adipiscing elit. <strong>Maecenas ante neque<\/strong>, semper eget porta eget, mattis sed augue. Sed blandit, ipsum sed vestibulum venenatis, <strong>elit sapien varius ante<\/strong>, eu semper elit risus sit amet orci.<\/p>\n<p>[\/et_pb_blurb][\/et_pb_column][et_pb_column type=\u00bb1_2&#8243; _builder_version=\u00bb4.3.2&#8243;][et_pb_blurb title=\u00bbM\u00d3DULO 4: XXXXXXXXX\u00bb image=\u00bbhttps:\/\/iniciativescosmetiques.com\/wp-content\/uploads\/2020\/04\/module.png\u00bb icon_placement=\u00bbleft\u00bb _builder_version=\u00bb4.4.4&#8243; header_font_size=\u00bb25px\u00bb]<\/p>\n<p>Lorem ipsum dolor sit amet, consectetur adipiscing elit. <strong>Maecenas ante neque<\/strong>, semper eget porta eget, mattis sed augue. Sed blandit, ipsum sed vestibulum venenatis, <strong>elit sapien varius ante<\/strong>, eu semper elit risus sit amet orci.<\/p>\n<p>[\/et_pb_blurb][\/et_pb_column][\/et_pb_row][\/et_pb_section][et_pb_section fb_built=\u00bb1&#8243; _builder_version=\u00bb4.3.2&#8243;][et_pb_row column_structure=\u00bb2_5,3_5&#8243; _builder_version=\u00bb4.3.2&#8243;][et_pb_column type=\u00bb2_5&#8243; _builder_version=\u00bb4.3.2&#8243;][et_pb_image src=\u00bbhttps:\/\/iniciativescosmetiques.com\/wp-content\/uploads\/2020\/04\/paperak.png\u00bb align=\u00bbcenter\u00bb _builder_version=\u00bb4.3.2&#8243; width=\u00bb100%\u00bb max_width=\u00bb100%\u00bb][\/et_pb_image][\/et_pb_column][et_pb_column type=\u00bb3_5&#8243; _builder_version=\u00bb4.3.2&#8243;][et_pb_text _builder_version=\u00bb4.4.4&#8243; text_text_color=\u00bb#242424&#8243; text_font_size=\u00bb30px\u00bb text_line_height=\u00bb1.1em\u00bb custom_margin=\u00bb5%||||false|false\u00bb]<\/p>\n<p style=\"text-align: center;\">El curso incluye hojas de trabajo, plantillas, guiones y checklist para facilitarte todo el trabajo de an\u00e1lisis, dise\u00f1o, desarrollo, implementaci\u00f3n y evaluaci\u00f3n.<\/p>\n<p>[\/et_pb_text][\/et_pb_column][\/et_pb_row][\/et_pb_section][et_pb_section fb_built=\u00bb1&#8243; _builder_version=\u00bb4.3.2&#8243; custom_padding=\u00bb30px||0px|||\u00bb][et_pb_row _builder_version=\u00bb4.3.2&#8243; custom_padding=\u00bb0px|||||\u00bb][et_pb_column type=\u00bb4_4&#8243; _builder_version=\u00bb4.3.2&#8243;][et_pb_text _builder_version=\u00bb4.3.2&#8243; text_text_color=\u00bb#575757&#8243; text_font_size=\u00bb30px\u00bb text_line_height=\u00bb1.1em\u00bb header_2_font=\u00bb|||on|||||\u00bb header_2_text_align=\u00bbcenter\u00bb header_2_font_size=\u00bb35px\u00bb header_2_font_size_tablet=\u00bb\u00bb header_2_font_size_phone=\u00bb29px\u00bb header_2_font_size_last_edited=\u00bbon|phone\u00bb]<\/p>\n<h2>Qu\u00e9 conseguir\u00e1s?<\/h2>\n<p>[\/et_pb_text][\/et_pb_column][\/et_pb_row][et_pb_row column_structure=\u00bb1_3,1_3,1_3&#8243; _builder_version=\u00bb4.3.2&#8243;][et_pb_column type=\u00bb1_3&#8243; _builder_version=\u00bb4.3.2&#8243;][et_pb_blurb title=\u00bbLorem ipsum dolor sit amet\u00bb image=\u00bbhttps:\/\/iniciativescosmetiques.com\/wp-content\/uploads\/2020\/04\/logro.png\u00bb image_max_width=\u00bb45%\u00bb image_max_width_last_edited=\u00bboff|phone\u00bb _builder_version=\u00bb4.4.4&#8243; header_text_align=\u00bbcenter\u00bb header_font_size=\u00bb25px\u00bb][\/et_pb_blurb][\/et_pb_column][et_pb_column type=\u00bb1_3&#8243; _builder_version=\u00bb4.3.2&#8243;][et_pb_blurb title=\u00bbLorem ipsum dolor sit amet\u00bb image=\u00bbhttps:\/\/iniciativescosmetiques.com\/wp-content\/uploads\/2020\/04\/logro.png\u00bb image_max_width=\u00bb45%\u00bb image_max_width_last_edited=\u00bboff|phone\u00bb _builder_version=\u00bb4.4.4&#8243; header_text_align=\u00bbcenter\u00bb header_font_size=\u00bb25px\u00bb][\/et_pb_blurb][\/et_pb_column][et_pb_column type=\u00bb1_3&#8243; _builder_version=\u00bb4.3.2&#8243;][et_pb_blurb title=\u00bbLorem ipsum dolor sit amet\u00bb image=\u00bbhttps:\/\/iniciativescosmetiques.com\/wp-content\/uploads\/2020\/04\/logro.png\u00bb image_max_width=\u00bb45%\u00bb image_max_width_last_edited=\u00bboff|phone\u00bb _builder_version=\u00bb4.4.4&#8243; header_text_align=\u00bbcenter\u00bb header_font_size=\u00bb25px\u00bb][\/et_pb_blurb][\/et_pb_column][\/et_pb_row][et_pb_row _builder_version=\u00bb4.3.2&#8243;][et_pb_column type=\u00bb4_4&#8243; _builder_version=\u00bb4.3.2&#8243;][et_pb_text _builder_version=\u00bb4.4.4&#8243; header_2_font=\u00bb||||||||\u00bb header_2_text_align=\u00bbcenter\u00bb header_2_text_color=\u00bb#242424&#8243; header_2_font_size=\u00bb45px\u00bb header_3_text_align=\u00bbcenter\u00bb header_3_text_color=\u00bb#c50d16&#8243; header_4_text_align=\u00bbcenter\u00bb header_4_font_size=\u00bb22px\u00bb header_2_font_size_tablet=\u00bb\u00bb header_2_font_size_phone=\u00bb\u00bb header_2_font_size_last_edited=\u00bbon|phone\u00bb]<\/p>\n<h2>XX \u20ac + IVA<\/h2>\n<p>[\/et_pb_text][\/et_pb_column][\/et_pb_row][et_pb_row _builder_version=\u00bb4.3.2&#8243; custom_padding=\u00bb0px|||||\u00bb][et_pb_column type=\u00bb4_4&#8243; _builder_version=\u00bb4.3.2&#8243;][et_pb_button button_url=\u00bb#\u00bb button_text=\u00bbCOMPRAR\u00bb button_alignment=\u00bbcenter\u00bb _builder_version=\u00bb4.4.4&#8243; custom_button=\u00bbon\u00bb button_text_color=\u00bb#ffffff\u00bb button_bg_color=\u00bb#61b3de\u00bb button_border_color=\u00bb#61b3de\u00bb button_border_radius=\u00bb10px\u00bb button_icon=\u00bb%%242%%\u00bb button_icon_color=\u00bb#ffffff\u00bb button_icon_placement=\u00bbleft\u00bb button_on_hover=\u00bboff\u00bb button_text_color_last_edited=\u00bboff|desktop\u00bb button_text_color__hover_enabled=\u00bbon|hover\u00bb button_text_color__hover=\u00bb#61b3de\u00bb button_bg_color__hover_enabled=\u00bbon|hover\u00bb button_bg_color__hover=\u00bb#ffffff\u00bb button_bg_enable_color__hover=\u00bbon\u00bb button_border_color__hover_enabled=\u00bboff|desktop\u00bb button_border_color__hover=\u00bb#61b3de\u00bb button_icon_color__hover_enabled=\u00bbon|hover\u00bb button_icon_color__hover=\u00bb#61b3de\u00bb][\/et_pb_button][et_pb_image src=\u00bbhttps:\/\/iniciativescosmetiques.com\/wp-content\/uploads\/2020\/04\/creditcards.png\u00bb _builder_version=\u00bb4.3.2&#8243; width=\u00bb20%\u00bb width_tablet=\u00bb30%\u00bb width_phone=\u00bb40%\u00bb width_last_edited=\u00bbon|tablet\u00bb module_alignment=\u00bbcenter\u00bb][\/et_pb_image][et_pb_text _builder_version=\u00bb4.3.2&#8243;]<\/p>\n<p style=\"text-align: center;\"><i class=\"fas fa-lock\"><\/i> Pago Seguro<\/p>\n<p>[\/et_pb_text][\/et_pb_column][\/et_pb_row][\/et_pb_section][et_pb_section fb_built=\u00bb1&#8243; _builder_version=\u00bb4.4.4&#8243; background_color=\u00bbrgba(97,179,222,0.35)\u00bb][et_pb_row _builder_version=\u00bb4.0.7&#8243;][et_pb_column type=\u00bb4_4&#8243; _builder_version=\u00bb4.0.7&#8243;][et_pb_text _builder_version=\u00bb4.4.4&#8243; text_font=\u00bbMontserrat||||||||\u00bb text_text_color=\u00bb#242424&#8243; text_font_size=\u00bb50px\u00bb text_line_height=\u00bb1em\u00bb text_font_size_tablet=\u00bb\u00bb text_font_size_phone=\u00bb35px\u00bb text_font_size_last_edited=\u00bbon|phone\u00bb]<\/p>\n<p style=\"text-align: center;\"><b>\u00bfTienes dudas? \u00a1Cont\u00e1ctanos!<\/b><\/p>\n<p>[\/et_pb_text][et_pb_text _builder_version=\u00bb4.4.4&#8243; text_font=\u00bbOpen Sans||||||||\u00bb text_text_color=\u00bb#575757&#8243; text_orientation=\u00bbcenter\u00bb]<\/p>\n<p><span>Si quieres hablar con nosotros o tienes alguna duda puedes contactarnos directamente v\u00eda correo electr\u00f3nico. \u00a1Estaremos encantados de ayudarte!<\/span><\/p>\n<p>[\/et_pb_text][\/et_pb_column][\/et_pb_row][et_pb_row _builder_version=\u00bb4.0.8&#8243;][et_pb_column type=\u00bb4_4&#8243; _builder_version=\u00bb4.0.8&#8243;][et_pb_blurb image=\u00bbhttps:\/\/iniciativescosmetiques.com\/wp-content\/uploads\/2020\/04\/email-1.png\u00bb image_max_width=\u00bb16%\u00bb _builder_version=\u00bb4.4.4&#8243; body_text_align=\u00bbcenter\u00bb body_text_color=\u00bb#575757&#8243;]<\/p>\n<p><span>Env\u00edanos un correo a<\/span><\/p>\n<div><b>info@iniciativescosmetiques.com<\/b><\/div>\n<p>[\/et_pb_blurb][\/et_pb_column][\/et_pb_row][\/et_pb_section][et_pb_section fb_built=\u00bb1&#8243; _builder_version=\u00bb4.4.4&#8243; background_color=\u00bb#242424&#8243; custom_padding=\u00bb0px||0px|||\u00bb][et_pb_row _builder_version=\u00bb4.3.2&#8243;][et_pb_column type=\u00bb4_4&#8243; _builder_version=\u00bb4.3.2&#8243;][et_pb_text _builder_version=\u00bb4.4.4&#8243; header_2_text_align=\u00bbcenter\u00bb header_2_text_color=\u00bb#ffffff\u00bb header_2_font_size=\u00bb60px\u00bb background_enable_color=\u00bboff\u00bb header_2_font_size_tablet=\u00bb45px\u00bb header_2_font_size_phone=\u00bb40px\u00bb header_2_font_size_last_edited=\u00bbon|tablet\u00bb]<\/p>\n<h2>\u00a1<span style=\"color: #61b3de;\">ACCESO DE POR VIDA<\/span> al contenido!<\/h2>\n<p>[\/et_pb_text][\/et_pb_column][\/et_pb_row][\/et_pb_section][et_pb_section fb_built=\u00bb1&#8243; _builder_version=\u00bb4.3.2&#8243; custom_padding=\u00bb0px|||||\u00bb][et_pb_row _builder_version=\u00bb4.3.2&#8243;][et_pb_column type=\u00bb4_4&#8243; _builder_version=\u00bb4.3.2&#8243;][et_pb_text _builder_version=\u00bb4.3.2&#8243; header_2_text_align=\u00bbcenter\u00bb]<\/p>\n<h2>Mira lo que dicen de nosotros nuestros clientes<\/h2>\n<p>[\/et_pb_text][\/et_pb_column][\/et_pb_row][et_pb_row column_structure=\u00bb1_2,1_2&#8243; _builder_version=\u00bb4.3.2&#8243;][et_pb_column type=\u00bb1_2&#8243; _builder_version=\u00bb4.3.2&#8243;][et_pb_testimonial author=\u00bbPatricia Alonso\u00bb company_name=\u00bbProfesora de universidad\u00bb portrait_url=\u00bbhttps:\/\/iniciativescosmetiques.com\/wp-content\/uploads\/2020\/04\/patricia.jpg\u00bb _builder_version=\u00bb4.4.3&#8243; background_color=\u00bb#ffffff\u00bb box_shadow_style=\u00bbpreset2&#8243; locked=\u00bboff\u00bb]<\/p>\n<p>Your content goes here. Edit or remove this text inline or in the module Content settings. You can also style every aspect of this content in the module Design settings and even apply custom CSS to this text in the module Advanced settings.<\/p>\n<p>[\/et_pb_testimonial][\/et_pb_column][et_pb_column type=\u00bb1_2&#8243; _builder_version=\u00bb4.3.2&#8243;][et_pb_testimonial author=\u00bbAlex\u00bb company_name=\u00bbCommunity Manager\u00bb portrait_url=\u00bbhttps:\/\/iniciativescosmetiques.com\/wp-content\/uploads\/2020\/04\/alex.jpg\u00bb _builder_version=\u00bb4.4.3&#8243; background_color=\u00bb#ffffff\u00bb box_shadow_style=\u00bbpreset2&#8243; locked=\u00bboff\u00bb]<\/p>\n<p>Your content goes here. Edit or remove this text inline or in the module Content settings. You can also style every aspect of this content in the module Design settings and even apply custom CSS to this text in the module Advanced settings.<\/p>\n<p>[\/et_pb_testimonial][\/et_pb_column][\/et_pb_row][\/et_pb_section][et_pb_section fb_built=\u00bb1&#8243; _builder_version=\u00bb4.3.2&#8243; custom_padding=\u00bb30px||0px|||\u00bb][et_pb_row _builder_version=\u00bb4.3.2&#8243;][et_pb_column type=\u00bb4_4&#8243; _builder_version=\u00bb4.3.2&#8243;][et_pb_text _builder_version=\u00bb4.4.4&#8243; header_2_font=\u00bb||||||||\u00bb header_2_text_align=\u00bbcenter\u00bb header_2_text_color=\u00bb#242424&#8243; header_2_font_size=\u00bb45px\u00bb header_3_text_align=\u00bbcenter\u00bb header_3_text_color=\u00bb#c50d16&#8243; header_4_text_align=\u00bbcenter\u00bb header_4_font_size=\u00bb22px\u00bb header_2_font_size_tablet=\u00bb\u00bb header_2_font_size_phone=\u00bb\u00bb header_2_font_size_last_edited=\u00bbon|phone\u00bb]<\/p>\n<h2>XX \u20ac + IVA<\/h2>\n<p>[\/et_pb_text][\/et_pb_column][\/et_pb_row][et_pb_row _builder_version=\u00bb4.3.2&#8243; custom_padding=\u00bb0px|||||\u00bb][et_pb_column type=\u00bb4_4&#8243; _builder_version=\u00bb4.3.2&#8243;][et_pb_button button_url=\u00bb#\u00bb button_text=\u00bbCOMPRAR\u00bb button_alignment=\u00bbcenter\u00bb _builder_version=\u00bb4.4.4&#8243; custom_button=\u00bbon\u00bb button_text_color=\u00bb#ffffff\u00bb button_bg_color=\u00bb#61b3de\u00bb button_border_color=\u00bb#61b3de\u00bb button_border_radius=\u00bb10px\u00bb button_icon=\u00bb%%242%%\u00bb button_icon_color=\u00bb#ffffff\u00bb button_icon_placement=\u00bbleft\u00bb button_on_hover=\u00bboff\u00bb button_text_color_last_edited=\u00bboff|desktop\u00bb button_text_color__hover_enabled=\u00bbon|hover\u00bb button_text_color__hover=\u00bb#61b3de\u00bb button_bg_color__hover_enabled=\u00bbon|hover\u00bb button_bg_color__hover=\u00bb#ffffff\u00bb button_bg_enable_color__hover=\u00bbon\u00bb button_border_color__hover_enabled=\u00bboff|desktop\u00bb button_border_color__hover=\u00bb#61b3de\u00bb button_icon_color__hover_enabled=\u00bbon|hover\u00bb button_icon_color__hover=\u00bb#61b3de\u00bb][\/et_pb_button][et_pb_image src=\u00bbhttps:\/\/iniciativescosmetiques.com\/wp-content\/uploads\/2020\/04\/creditcards.png\u00bb _builder_version=\u00bb4.3.2&#8243; width=\u00bb20%\u00bb width_tablet=\u00bb30%\u00bb width_phone=\u00bb40%\u00bb width_last_edited=\u00bbon|tablet\u00bb module_alignment=\u00bbcenter\u00bb][\/et_pb_image][et_pb_text _builder_version=\u00bb4.3.2&#8243;]<\/p>\n<p style=\"text-align: center;\"><i class=\"fas fa-lock\"><\/i> Pago Seguro<\/p>\n<p>[\/et_pb_text][\/et_pb_column][\/et_pb_row][\/et_pb_section][et_pb_section fb_built=\u00bb1&#8243; _builder_version=\u00bb4.4.4&#8243; background_color=\u00bbrgba(87,87,87,0.05)\u00bb][et_pb_row _builder_version=\u00bb4.0.7&#8243;][et_pb_column type=\u00bb4_4&#8243; _builder_version=\u00bb4.0.7&#8243;][et_pb_text _builder_version=\u00bb4.4.4&#8243; text_font=\u00bbPoppins||||||||\u00bb text_text_color=\u00bb#242424&#8243; text_font_size=\u00bb29px\u00bb text_orientation=\u00bbcenter\u00bb]<\/p>\n<p><b>Preguntas Frecuentes<\/b><\/p>\n<p>[\/et_pb_text][\/et_pb_column][\/et_pb_row][et_pb_row column_structure=\u00bb1_2,1_2&#8243; _builder_version=\u00bb4.0.7&#8243;][et_pb_column type=\u00bb1_2&#8243; _builder_version=\u00bb4.0.7&#8243;][et_pb_text _builder_version=\u00bb4.4.4&#8243; text_font=\u00bbPoppins||||||||\u00bb text_text_color=\u00bb#575757&#8243; text_font_size=\u00bb17px\u00bb]<\/p>\n<div class=\"faqTitle ssHeadlineSize2\"><i class=\"fa fa-question-circle faqIcon\"><\/i><span class=\"ne faqTitleText\" data-gramm=\"false\" contenteditable=\"false\"><b>\u00bfXXXXXXXXXXXX?<\/b><br \/>\n<\/span><\/div>\n<p><span>Lorem ipsum dolor sit amet, consectetur adipiscing elit. Donec ac lorem venenatis dolor bibendum finibus.<\/span>[\/et_pb_text][et_pb_text _builder_version=\u00bb4.4.4&#8243; text_font=\u00bbPoppins||||||||\u00bb text_text_color=\u00bb#575757&#8243; text_font_size=\u00bb17px\u00bb]<\/p>\n<div class=\"faqTitle ssHeadlineSize2\"><i class=\"fa fa-question-circle faqIcon\"><\/i><span class=\"ne faqTitleText\" data-gramm=\"false\" contenteditable=\"false\"><b>\u00bfXXXXXXXXXXXX?<\/b><br \/>\n<\/span><\/div>\n<p><span>Lorem ipsum dolor sit amet, consectetur adipiscing elit. Donec ac lorem venenatis dolor bibendum finibus.<\/span>[\/et_pb_text][et_pb_text _builder_version=\u00bb4.4.4&#8243; text_font=\u00bbPoppins||||||||\u00bb text_text_color=\u00bb#575757&#8243; text_font_size=\u00bb17px\u00bb]<\/p>\n<div class=\"faqTitle ssHeadlineSize2\"><i class=\"fa fa-question-circle faqIcon\"><\/i><span class=\"ne faqTitleText\" data-gramm=\"false\" contenteditable=\"false\"><b>\u00bfXXXXXXXXXXXX?<\/b><br \/>\n<\/span><\/div>\n<p><span>Lorem ipsum dolor sit amet, consectetur adipiscing elit. Donec ac lorem venenatis dolor bibendum finibus.<\/span>[\/et_pb_text][\/et_pb_column][et_pb_column type=\u00bb1_2&#8243; _builder_version=\u00bb4.0.7&#8243;][et_pb_text _builder_version=\u00bb4.4.4&#8243; text_font=\u00bbPoppins||||||||\u00bb text_text_color=\u00bb#575757&#8243; text_font_size=\u00bb17px\u00bb]<\/p>\n<div class=\"faqTitle ssHeadlineSize2\"><i class=\"fa fa-question-circle faqIcon\"><\/i><span class=\"ne faqTitleText\" data-gramm=\"false\" contenteditable=\"false\"><b>\u00bfXXXXXXXXXXXX?<\/b><br \/>\n<\/span><\/div>\n<p><span>Lorem ipsum dolor sit amet, consectetur adipiscing elit. Donec ac lorem venenatis dolor bibendum finibus.<\/span>[\/et_pb_text][et_pb_text _builder_version=\u00bb4.4.4&#8243; text_font=\u00bbPoppins||||||||\u00bb text_text_color=\u00bb#575757&#8243; text_font_size=\u00bb17px\u00bb]<\/p>\n<div class=\"faqTitle ssHeadlineSize2\"><i class=\"fa fa-question-circle faqIcon\"><\/i><span class=\"ne faqTitleText\" data-gramm=\"false\" contenteditable=\"false\"><b>\u00bfXXXXXXXXXXXX?<\/b><br \/>\n<\/span><\/div>\n<p><span>Lorem ipsum dolor sit amet, consectetur adipiscing elit. Donec ac lorem venenatis dolor bibendum finibus.<\/span>[\/et_pb_text][et_pb_text _builder_version=\u00bb4.4.4&#8243; text_font=\u00bbPoppins||||||||\u00bb text_text_color=\u00bb#575757&#8243; text_font_size=\u00bb17px\u00bb]<\/p>\n<div class=\"faqTitle ssHeadlineSize2\"><i class=\"fa fa-question-circle faqIcon\"><\/i><span class=\"ne faqTitleText\" data-gramm=\"false\" contenteditable=\"false\"><b>\u00bfXXXXXXXXXXXX?<\/b><br \/>\n<\/span><\/div>\n<p><span>Lorem ipsum dolor sit amet, consectetur adipiscing elit. Donec ac lorem venenatis dolor bibendum finibus.<\/span>[\/et_pb_text][\/et_pb_column][\/et_pb_row][\/et_pb_section][et_pb_section fb_built=\u00bb1&#8243; _builder_version=\u00bb4.4.4&#8243; background_color=\u00bb#242424&#8243; custom_padding=\u00bb0px||0px|||\u00bb][et_pb_row _builder_version=\u00bb4.3.2&#8243;][et_pb_column type=\u00bb4_4&#8243; _builder_version=\u00bb4.3.2&#8243;][et_pb_text _builder_version=\u00bb4.4.4&#8243; header_4_font_size=\u00bb23px\u00bb text_orientation=\u00bbcenter\u00bb background_layout=\u00bbdark\u00bb]<\/p>\n<p><strong>Copyright \u00a9 iniciativescosmetiques.com \u00b7 Todos los derechos reservados.<\/strong><br \/> <a href=\"\/politica-privacidad\/\">Pol\u00edtica de Privacidad<\/a> | <a href=\"\/politica-de-cookies\/\">Pol\u00edtica de Cookies<\/a> | <a href=\"\/aviso-legal\/\">Aviso Legal<\/a><\/p>\n<p>[\/et_pb_text][\/et_pb_column][\/et_pb_row][\/et_pb_section]<\/p>\n","protected":false},"excerpt":{"rendered":"<p>T\u00edtulo cursoLorem ipsum dolor sit amet, consectetur adipiscing elit. Maecenas ante neque, semper eget porta eget, mattis sed augue. Sed blandit, ipsum sed vestibulum venenatis, elit sapien varius ante, eu semper elit risus sit amet orci. Nulla odio velit, hendrerit sagittis feugiat vitae, feugiat id tellus. Aliquam erat volutpat.\u00bfXXXXXXXXXX? Lorem ipsum dolor sit amet, consectetur [&hellip;]<\/p>\n","protected":false},"author":2,"featured_media":0,"parent":0,"menu_order":0,"comment_status":"closed","ping_status":"closed","template":"page-template-blank.php","meta":{"_et_pb_use_builder":"on","_et_pb_old_content":"","_et_gb_content_width":"","order-bump-settings":[],"_wpfnl_thankyou_order_overview":"on","_wpfnl_thankyou_order_details":"on","_wpfnl_thankyou_billing_details":"on","_wpfnl_thankyou_shipping_details":"on","_themeisle_gutenberg_block_has_review":false,"footnotes":""},"class_list":["post-240","page","type-page","status-publish","hentry"],"_links":{"self":[{"href":"https:\/\/iniciativescosmetiques.com\/es\/wp-json\/wp\/v2\/pages\/240","targetHints":{"allow":["GET"]}}],"collection":[{"href":"https:\/\/iniciativescosmetiques.com\/es\/wp-json\/wp\/v2\/pages"}],"about":[{"href":"https:\/\/iniciativescosmetiques.com\/es\/wp-json\/wp\/v2\/types\/page"}],"author":[{"embeddable":true,"href":"https:\/\/iniciativescosmetiques.com\/es\/wp-json\/wp\/v2\/users\/2"}],"replies":[{"embeddable":true,"href":"https:\/\/iniciativescosmetiques.com\/es\/wp-json\/wp\/v2\/comments?post=240"}],"version-history":[{"count":0,"href":"https:\/\/iniciativescosmetiques.com\/es\/wp-json\/wp\/v2\/pages\/240\/revisions"}],"wp:attachment":[{"href":"https:\/\/iniciativescosmetiques.com\/es\/wp-json\/wp\/v2\/media?parent=240"}],"curies":[{"name":"wp","href":"https:\/\/api.w.org\/{rel}","templated":true}]}}